{"id":1208,"date":"2018-03-29T01:28:06","date_gmt":"2018-03-28T22:28:06","guid":{"rendered":"https:\/\/www.obsido.fi\/?page_id=1208"},"modified":"2025-06-23T11:35:14","modified_gmt":"2025-06-23T08:35:14","slug":"kundinformation","status":"publish","type":"page","link":"https:\/\/www.obsido.fi\/sv\/kundinformation\/","title":{"rendered":"Kundinformation"},"content":{"rendered":"<p>Syftet med lagstiftningen om investeringstj\u00e4nster \u00e4r att f\u00f6rb\u00e4ttra skyddet f\u00f6r investerare. Investerarna f\u00e5r information om bland annat tj\u00e4nsteleverant\u00f6rer, de tj\u00e4nster som erbjuds, finansiella instrument och de risker som \u00e4r f\u00f6rknippade med dessa. Dessutom beg\u00e4rs detaljerad information av investerarna vad betr\u00e4ffar deras ekonomiska situation och investeringsm\u00e5l, -erfarenhet och -kunskaper. Baserat p\u00e5 denna information kan varje kund erbjudas tj\u00e4nster och produkter som i b\u00e4sta m\u00f6jliga m\u00e5n passar f\u00f6r ifr\u00e5gavarande kund.<\/p>\n<p>P\u00e5 denna sida har vi samlat in den v\u00e4sentliga information f\u00f6r investerarna som lagstiftningen f\u00f6ruts\u00e4tter:<\/p>\n<ul>\n<li><a href=\"https:\/\/www.obsido.fi\/wp-content\/uploads\/2018\/04\/FI-SV-Asiakasvalitusten-k\u00e4sittely.pdf\">Hantering av kundklagom\u00e5l<\/a><\/li>\n<li><a href=\"https:\/\/www.obsido.fi\/wp-content\/uploads\/2018\/04\/Best-execution-politiikka_uusin-versio_sv.pdf\">Best execution -politik<\/a><\/li>\n<li><a href=\"https:\/\/www.obsido.fi\/wp-content\/uploads\/2022\/09\/6.5-Intressekonflikter-1.pdf\">Intressekonflikter<\/a><\/li>\n<li><a href=\"https:\/\/www.obsido.fi\/wp-content\/uploads\/2022\/09\/Kundkategorisering-1.pdf\">Kundkategorisering<\/a><\/li>\n<li><a href=\"https:\/\/www.obsido.fi\/wp-content\/uploads\/2023\/04\/Tietoa-palveluntarjoajasta-SV.pdf\">Information om tj\u00e4nsteleverant\u00f6ren<\/a><\/li>\n<\/ul>\n<p><strong>H\u00e5llbarhetsrelaterade upplysningar<\/strong><\/p>\n<ul>\n<li style=\"list-style-type: none;\">\n<ul>\n<li><a href=\"https:\/\/www.obsido.fi\/wp-content\/uploads\/2025\/06\/Principerna-for-beaktande-av-hallbarhetsrisker-inom-Obsido-Group-23.6.2025.pdf\">Principerna f\u00f6r beaktande av h\u00e5llbarhetsrisker inom Obsido Group<\/a><\/li>\n<li><a href=\"https:\/\/www.obsido.fi\/wp-content\/uploads\/2025\/06\/Obsido-Ab-REDOGORELSE-FOR-INVESTERINGSBESLUTS-HUVUDSAKLIGA-NEGATIVA-KONSEKVENSER-FOR-HALLBARHETSFAKTORER-23.6.2025.pdf\">Redog\u00f6relse f\u00f6r investeringsbesluts huvudsakliga negativa konsekvenser f\u00f6r h\u00e5llbarhetsfaktorer, Obsido Oy<\/a><\/li>\n<li><a href=\"https:\/\/www.obsido.fi\/wp-content\/uploads\/2025\/06\/Obsido-Fondbolaget-Ab-REDOGORELSE-FOR-INVESTERINGSBESLUTS-HUVUDSAKLIGA-NEGATIVA-KONSEKVENSER-FOR-HALLBARHETSFAKTORER-23.6.2025.pdf\">Redog\u00f6relse f\u00f6r investeringsbesluts huvudsakliga negativa konsekvenser f\u00f6r h\u00e5llbarhetsfaktorer, Obsido Rahastoyhti\u00f6 Oy<\/a><\/li>\n<li><a href=\"https:\/\/www.obsido.fi\/wp-content\/uploads\/2025\/06\/Obsido-Oy-REDOGORELSE-FOR-DE-HUVUDSAKLIGA-NEGATIVA-KONSEKVENSERNA-AV-FORSAKRINGSRADGIVNING-FOR-HALLBARHETSFAKTORER-23.6.2025.pdf\">Redog\u00f6relse f\u00f6r de huvudsakliga negativa konsekvenserna av f\u00f6rs\u00e4kringsr\u00e5dgivning f\u00f6r h\u00e5llbarhetsfaktorer, Obsido Oy<\/a><\/li>\n<\/ul>\n<\/li>\n<\/ul>\n<hr \/>\n<p><strong>Insiderregistret<\/strong><br \/>\nBolagets insiderregister finns till p\u00e5seende p\u00e5 adress Rautatienkatu 14 A 7, 33100 Tammerfors.<\/p>\n<p><strong>Bokslut<\/strong><br \/>\nBolagets bokslut och solvensuppgifter f\u00e5s p\u00e5 beg\u00e4ran av Obsido, tfn +358 41 468 6351 eller mari.virtanen(at)obsido.fi.<\/p>\n<p><strong>Anknutna ombud<\/strong><br \/>\nKontaktuppgifter f\u00f6r anknutna ombud f\u00e5s p\u00e5 adress Obsido Oy, Rautatienkatu 14 A 7, 33100 Tammerfors.<\/p>\n","protected":false},"excerpt":{"rendered":"<p>Syftet med lagstiftningen om investeringstj\u00e4nster \u00e4r att f\u00f6rb\u00e4ttra skyddet f\u00f6r investerare. Investerarna f\u00e5r information om bland annat tj\u00e4nsteleverant\u00f6rer, de tj\u00e4nster som erbjuds, finansiella instrument och de risker som \u00e4r f\u00f6rknippade med dessa. Dessutom beg\u00e4rs detaljerad information av investerarna vad betr\u00e4ffar deras ekonomiska situation och investeringsm\u00e5l, -erfarenhet och -kunskaper. Baserat p\u00e5 denna information kan varje kund&#8230;<\/p>\n","protected":false},"author":1,"featured_media":0,"parent":0,"menu_order":2,"comment_status":"closed","ping_status":"closed","template":"","meta":{"footnotes":""},"class_list":["post-1208","page","type-page","status-publish","hentry"],"_links":{"self":[{"href":"https:\/\/www.obsido.fi\/sv\/wp-json\/wp\/v2\/pages\/1208\/"}],"collection":[{"href":"https:\/\/www.obsido.fi\/sv\/wp-json\/wp\/v2\/pages\/"}],"about":[{"href":"https:\/\/www.obsido.fi\/sv\/wp-json\/wp\/v2\/types\/page\/"}],"author":[{"embeddable":true,"href":"https:\/\/www.obsido.fi\/sv\/wp-json\/wp\/v2\/users\/1\/"}],"replies":[{"embeddable":true,"href":"https:\/\/www.obsido.fi\/sv\/wp-json\/wp\/v2\/comments\/?post=1208"}],"version-history":[{"count":19,"href":"https:\/\/www.obsido.fi\/sv\/wp-json\/wp\/v2\/pages\/1208\/revisions\/"}],"predecessor-version":[{"id":10661,"href":"https:\/\/www.obsido.fi\/sv\/wp-json\/wp\/v2\/pages\/1208\/revisions\/10661\/"}],"wp:attachment":[{"href":"https:\/\/www.obsido.fi\/sv\/wp-json\/wp\/v2\/media\/?parent=1208"}],"curies":[{"name":"wp","href":"https:\/\/api.w.org\/{rel}","templated":true}]}}