{"id":1231,"date":"2018-03-29T12:25:25","date_gmt":"2018-03-29T09:25:25","guid":{"rendered":"https:\/\/www.obsido.fi\/?page_id=1231"},"modified":"2018-03-29T12:25:25","modified_gmt":"2018-03-29T09:25:25","slug":"alternativfonder-rahastot","status":"publish","type":"page","link":"https:\/\/www.obsido.fi\/sv\/alternativfonder-rahastot\/","title":{"rendered":"Alternativfonder (Rahastot)"},"content":{"rendered":"<p><strong>Obsido Kiinteist\u00f6rahasto I Ky (Fastighetsfond)<\/strong><\/p>\n<p>Obsido Kiinteist\u00f6rahasto I Ky investerar i bostads- och fastighetsaktier, fastigheter och fastighetsutvecklingsprojekt. Fonden k\u00f6per, s\u00e4ljer, hyr och utvecklar aktivt olika objekt och f\u00f6rs\u00f6ker p\u00e5 s\u00e5 s\u00e4tt att skapa int\u00e4kter i form av f\u00f6rs\u00e4ljningsvinst och hyresint\u00e4kter.<\/p>\n<p><img loading=\"lazy\" decoding=\"async\" width=\"1200\" height=\"675\" class=\"alignnone size-full wp-image-507\" src=\"https:\/\/www.obsido.fi\/wp-content\/uploads\/2018\/02\/Portus_Facade_F_01-1.jpg\" alt=\"Obsido Oy - Portus\" data-lity=\"\" srcset=\"https:\/\/www.obsido.fi\/wp-content\/uploads\/2018\/02\/Portus_Facade_F_01-1.jpg 1200w, https:\/\/www.obsido.fi\/wp-content\/uploads\/2018\/02\/Portus_Facade_F_01-1-300x169.jpg 300w, https:\/\/www.obsido.fi\/wp-content\/uploads\/2018\/02\/Portus_Facade_F_01-1-768x432.jpg 768w, https:\/\/www.obsido.fi\/wp-content\/uploads\/2018\/02\/Portus_Facade_F_01-1-1024x576.jpg 1024w\" sizes=\"auto, (max-width: 1200px) 100vw, 1200px\" \/><\/p>\n","protected":false},"excerpt":{"rendered":"<p>Obsido Kiinteist\u00f6rahasto I Ky (Fastighetsfond) Obsido Kiinteist\u00f6rahasto I Ky investerar i bostads- och fastighetsaktier, fastigheter och fastighetsutvecklingsprojekt. Fonden k\u00f6per, s\u00e4ljer, hyr och utvecklar aktivt olika objekt och f\u00f6rs\u00f6ker p\u00e5 s\u00e5 s\u00e4tt att skapa int\u00e4kter i form av f\u00f6rs\u00e4ljningsvinst och hyresint\u00e4kter.<\/p>\n","protected":false},"author":1,"featured_media":0,"parent":0,"menu_order":0,"comment_status":"closed","ping_status":"closed","template":"","meta":{"footnotes":""},"class_list":["post-1231","page","type-page","status-publish","hentry"],"_links":{"self":[{"href":"https:\/\/www.obsido.fi\/sv\/wp-json\/wp\/v2\/pages\/1231\/"}],"collection":[{"href":"https:\/\/www.obsido.fi\/sv\/wp-json\/wp\/v2\/pages\/"}],"about":[{"href":"https:\/\/www.obsido.fi\/sv\/wp-json\/wp\/v2\/types\/page\/"}],"author":[{"embeddable":true,"href":"https:\/\/www.obsido.fi\/sv\/wp-json\/wp\/v2\/users\/1\/"}],"replies":[{"embeddable":true,"href":"https:\/\/www.obsido.fi\/sv\/wp-json\/wp\/v2\/comments\/?post=1231"}],"version-history":[{"count":1,"href":"https:\/\/www.obsido.fi\/sv\/wp-json\/wp\/v2\/pages\/1231\/revisions\/"}],"predecessor-version":[{"id":1232,"href":"https:\/\/www.obsido.fi\/sv\/wp-json\/wp\/v2\/pages\/1231\/revisions\/1232\/"}],"wp:attachment":[{"href":"https:\/\/www.obsido.fi\/sv\/wp-json\/wp\/v2\/media\/?parent=1231"}],"curies":[{"name":"wp","href":"https:\/\/api.w.org\/{rel}","templated":true}]}}