{"id":1233,"date":"2018-01-25T14:00:38","date_gmt":"2018-01-25T12:00:38","guid":{"rendered":"https:\/\/www.obsido.fi\/lomakkeet\/"},"modified":"2026-04-01T13:15:10","modified_gmt":"2026-04-01T10:15:10","slug":"lomakkeet","status":"publish","type":"page","link":"https:\/\/www.obsido.fi\/sv\/fonder\/lomakkeet\/","title":{"rendered":"Teckning och inl\u00f6sning"},"content":{"rendered":"<div class=\"tab-content\">\n<div id=\"merkintalomake\" class=\"tab-pane show active\" role=\"tabpanel\" aria-labelledby=\"merkintalomake-tab\" aria-expanded=\"true\">\n<p>F\u00f6r mer information, v\u00e4nligen kontakta info(a)obsidorahastoyhtio.fi.<\/p>\n<hr \/>\n<div class=\"row\">\n<div class=\"col-md-6\"><\/div>\n<\/div>\n<\/div>\n<div id=\"lunastuslomake\" class=\"tab-pane\" role=\"tabpanel\" aria-labelledby=\"lunastuslomake-tab\" aria-expanded=\"false\">\n<p>Du kan helt eller delvis l\u00f6sa in fondandelar varje bankdag. Inl\u00f6sen sker till andelens bekr\u00e4ftade v\u00e4rde p\u00e5 uppdragets datum, f\u00f6rutsatt att du l\u00e4mnar in uppdraget f\u00f6re klockan 15.00 finsk tid. Uppdrag som inl\u00e4mnas efter klockan 15.00 genomf\u00f6rs till andelens v\u00e4rde p\u00e5 f\u00f6ljande handelsdag. Om skriftligt andelsbevis har getts f\u00f6r fondandelarna ska du skicka det till fondbolaget tillsammans med uppdraget.<\/p>\n<p>F\u00f6rs\u00e4ljningslikvid betalas till det bankkonto som angetts vid teckningsanm\u00e4lan. Pengarna finns normalt tillg\u00e4ngliga inom 3 bankdagar.<\/p>\n<p>F\u00f6r mer information, v\u00e4nligen kontakta info(a)obsidorahastoyhtio.fi.<\/p>\n<hr \/>\n<\/div>\n<\/div>\n","protected":false},"excerpt":{"rendered":"<p>F\u00f6r mer information, v\u00e4nligen kontakta info(a)obsidorahastoyhtio.fi. Du kan helt eller delvis l\u00f6sa in fondandelar varje bankdag. Inl\u00f6sen sker till andelens bekr\u00e4ftade v\u00e4rde p\u00e5 uppdragets datum, f\u00f6rutsatt att du l\u00e4mnar in uppdraget f\u00f6re klockan 15.00 finsk tid. Uppdrag som inl\u00e4mnas efter klockan 15.00 genomf\u00f6rs till andelens v\u00e4rde p\u00e5 f\u00f6ljande handelsdag. Om skriftligt andelsbevis har getts f\u00f6r&#8230;<\/p>\n","protected":false},"author":1,"featured_media":0,"parent":1140,"menu_order":4,"comment_status":"closed","ping_status":"closed","template":"page-sivupalkilla-merkintalunastus.php","meta":{"footnotes":""},"class_list":["post-1233","page","type-page","status-publish","hentry"],"_links":{"self":[{"href":"https:\/\/www.obsido.fi\/sv\/wp-json\/wp\/v2\/pages\/1233\/"}],"collection":[{"href":"https:\/\/www.obsido.fi\/sv\/wp-json\/wp\/v2\/pages\/"}],"about":[{"href":"https:\/\/www.obsido.fi\/sv\/wp-json\/wp\/v2\/types\/page\/"}],"author":[{"embeddable":true,"href":"https:\/\/www.obsido.fi\/sv\/wp-json\/wp\/v2\/users\/1\/"}],"replies":[{"embeddable":true,"href":"https:\/\/www.obsido.fi\/sv\/wp-json\/wp\/v2\/comments\/?post=1233"}],"version-history":[{"count":17,"href":"https:\/\/www.obsido.fi\/sv\/wp-json\/wp\/v2\/pages\/1233\/revisions\/"}],"predecessor-version":[{"id":11236,"href":"https:\/\/www.obsido.fi\/sv\/wp-json\/wp\/v2\/pages\/1233\/revisions\/11236\/"}],"up":[{"embeddable":true,"href":"https:\/\/www.obsido.fi\/sv\/wp-json\/wp\/v2\/pages\/1140\/"}],"wp:attachment":[{"href":"https:\/\/www.obsido.fi\/sv\/wp-json\/wp\/v2\/media\/?parent=1233"}],"curies":[{"name":"wp","href":"https:\/\/api.w.org\/{rel}","templated":true}]}}