{"id":4180,"date":"2018-12-31T04:00:45","date_gmt":"2018-12-31T02:00:45","guid":{"rendered":"https:\/\/www.obsido.fi\/?page_id=4180"},"modified":"2025-03-28T16:44:53","modified_gmt":"2025-03-28T14:44:53","slug":"varderingar","status":"publish","type":"page","link":"https:\/\/www.obsido.fi\/sv\/fonder\/varderingar\/","title":{"rendered":"V\u00e4rderingar"},"content":{"rendered":"<p><strong>Obsidos v\u00e4rderingar<\/strong><\/p>\n<ul>\n<li>Vi finns till f\u00f6r v\u00e5ra klienter.<\/li>\n<li>Vi bygger f\u00f6rtroende genom v\u00e5rt dagliga arbete. Vi v\u00e5gar s\u00e4ga saker precis som det \u00e4r.<\/li>\n<li>Vi arbetar alltid l\u00e5ngsiktigt, med v\u00e5ra klienters b\u00e4sta i fokus.<\/li>\n<li>Vi str\u00e4var alltid efter att g\u00f6ra allting korrekt.<\/li>\n<li>Tillsammans med v\u00e5ra klienter utg\u00f6r vi ett team. Som ett team kan vi prestera b\u00e4ttre och uppn\u00e5 mer.<\/li>\n<\/ul>\n","protected":false},"excerpt":{"rendered":"<p>Obsidos v\u00e4rderingar Vi finns till f\u00f6r v\u00e5ra klienter. Vi bygger f\u00f6rtroende genom v\u00e5rt dagliga arbete. Vi v\u00e5gar s\u00e4ga saker precis som det \u00e4r. Vi arbetar alltid l\u00e5ngsiktigt, med v\u00e5ra klienters b\u00e4sta i fokus. Vi str\u00e4var alltid efter att g\u00f6ra allting korrekt. Tillsammans med v\u00e5ra klienter utg\u00f6r vi ett team. Som ett team kan vi prestera&#8230;<\/p>\n","protected":false},"author":1,"featured_media":8732,"parent":1140,"menu_order":6,"comment_status":"closed","ping_status":"closed","template":"page-sivupalkilla.php","meta":{"footnotes":""},"class_list":["post-4180","page","type-page","status-publish","has-post-thumbnail","hentry"],"_links":{"self":[{"href":"https:\/\/www.obsido.fi\/sv\/wp-json\/wp\/v2\/pages\/4180\/"}],"collection":[{"href":"https:\/\/www.obsido.fi\/sv\/wp-json\/wp\/v2\/pages\/"}],"about":[{"href":"https:\/\/www.obsido.fi\/sv\/wp-json\/wp\/v2\/types\/page\/"}],"author":[{"embeddable":true,"href":"https:\/\/www.obsido.fi\/sv\/wp-json\/wp\/v2\/users\/1\/"}],"replies":[{"embeddable":true,"href":"https:\/\/www.obsido.fi\/sv\/wp-json\/wp\/v2\/comments\/?post=4180"}],"version-history":[{"count":4,"href":"https:\/\/www.obsido.fi\/sv\/wp-json\/wp\/v2\/pages\/4180\/revisions\/"}],"predecessor-version":[{"id":10429,"href":"https:\/\/www.obsido.fi\/sv\/wp-json\/wp\/v2\/pages\/4180\/revisions\/10429\/"}],"up":[{"embeddable":true,"href":"https:\/\/www.obsido.fi\/sv\/wp-json\/wp\/v2\/pages\/1140\/"}],"wp:featuredmedia":[{"embeddable":true,"href":"https:\/\/www.obsido.fi\/sv\/wp-json\/wp\/v2\/media\/8732\/"}],"wp:attachment":[{"href":"https:\/\/www.obsido.fi\/sv\/wp-json\/wp\/v2\/media\/?parent=4180"}],"curies":[{"name":"wp","href":"https:\/\/api.w.org\/{rel}","templated":true}]}}