{"id":521,"date":"2018-01-25T12:00:08","date_gmt":"2018-01-25T10:00:08","guid":{"rendered":"https:\/\/www.obsido.fi\/?page_id=521"},"modified":"2018-02-01T06:50:40","modified_gmt":"2018-02-01T04:50:40","slug":"kapitalforvaltning","status":"publish","type":"page","link":"https:\/\/www.obsido.fi\/sv\/kapitalforvaltning\/","title":{"rendered":"Kapitalf\u00f6rvaltning"},"content":{"rendered":"<p>Obsido AB:s kapitalf\u00f6rvaltning best\u00e5r av en systematisk balanserad, transparent och kostnadseffektiv \u201dcommon sense kapitalf\u00f6rvaltning\u201d. Den f\u00f6rverkligas genom  en K\u00e4rn\/Satellitstrategi. Portf\u00f6ljens k\u00e4rna \u00e4r uppbyggd av marknadsv\u00e4rdebaserade  ETF-instrument. (ETF= Exchange Traded Fund, b\u00f6rshandlade fonder).  Som  satelliter anv\u00e4nds antingen stil  eller strategi ETF-instrument.<\/p>\n<p>Systematisk balansering<\/p>\n<p>Investeringarnas \u00e5terbalansering f\u00f6rverkligas p\u00e5 bas av de l\u00e5ngsiktiga tillg\u00e5ngsslagens allokeringar. \u00c5terbalansering minskar risken, investerar likvider  effektivt och h\u00e5ller investeringarnas tillg\u00e5ngsslags allokeringar p\u00e5 r\u00e4tt niv\u00e5. Disciplinerad \u00e5terbalansering eliminerar b\u00e5de subjektivt och k\u00e4nslom\u00e4ssigt beslutsfattande.<\/p>\n<p>I Obsidos kapitalf\u00f6rvaltingsprocess utf\u00f6rs en p\u00e5g\u00e5ende systematisk \u00e5terbalansering. Genom st\u00e4ndig uppf\u00f6ljning kan tillg\u00e5ngsslagen balanseras d\u00e5 deras avvikelser fr\u00e5n m\u00e5lallokering \u00e4r relevanta.<\/p>\n<p>Investeringarnas balansering sker dock inte automatiskt. Varje  portf\u00f6ljs behov av \u00e5terbalansering bed\u00f6ms av portf\u00f6ljf\u00f6rvaltaren. Viktiga faktorer som p\u00e5verkar beslutet av \u00e5terbalansering \u00e4r till exempel framtida kassafl\u00f6den, beskattning och kostnadsminimering fr\u00e5n handel.<\/p>\n<p>K\u00e4rn \/ Satellitstrategi<\/p>\n<p>I en ETF-baserad K\u00e4rn\/Satellitstrategi \u00e4r investeringarna uppdelade i tv\u00e5 separata delar. K\u00e4rnan best\u00e5r av marknadsv\u00e4rdebaserade ETF-instrument, via vilka man investerar i kapitaltillg\u00e5ngsslag och n\u00e5r den efterstr\u00e4vade int\u00e4kts- och riskniv\u00e5n.<\/p>\n<p>Stil eller strategi ETF:er anv\u00e4nds som satellitinvesteringar och med hj\u00e4lp av dessa s\u00f6ks merv\u00e4rde. Satellit investeringar kan inneb\u00e4ra st\u00f6rre risker \u00e4n marknadsv\u00e4rdbaserade ETF:er. K\u00e4rn\/Satellitstrategi f\u00f6rverkligad via ETF:er  efterstr\u00e4var en resonlig \u00f6veravkastning, men samtidigt syftar den att minimera en eventuell underavkastning.<\/p>\n<hr>\n<p><a href=\"https:\/\/www.obsido.fi\/sv\/etf-borsnoterade-fonder\/\">ETF \u2013 B\u00f6rsnoterade fonder<\/a><\/p>\n","protected":false},"excerpt":{"rendered":"<p>Obsido AB:s kapitalf\u00f6rvaltning best\u00e5r av en systematisk balanserad, transparent och kostnadseffektiv \u201dcommon sense kapitalf\u00f6rvaltning\u201d. Den f\u00f6rverkligas genom en K\u00e4rn\/Satellitstrategi. Portf\u00f6ljens k\u00e4rna \u00e4r uppbyggd av marknadsv\u00e4rdebaserade ETF-instrument. (ETF= Exchange Traded Fund, b\u00f6rshandlade fonder). Som satelliter anv\u00e4nds antingen stil eller strategi ETF-instrument. Systematisk balansering Investeringarnas \u00e5terbalansering f\u00f6rverkligas p\u00e5 bas av de l\u00e5ngsiktiga tillg\u00e5ngsslagens allokeringar. \u00c5terbalansering minskar risken,&#8230;<\/p>\n","protected":false},"author":1,"featured_media":0,"parent":0,"menu_order":0,"comment_status":"closed","ping_status":"closed","template":"","meta":{"footnotes":""},"class_list":["post-521","page","type-page","status-publish","hentry"],"_links":{"self":[{"href":"https:\/\/www.obsido.fi\/sv\/wp-json\/wp\/v2\/pages\/521\/"}],"collection":[{"href":"https:\/\/www.obsido.fi\/sv\/wp-json\/wp\/v2\/pages\/"}],"about":[{"href":"https:\/\/www.obsido.fi\/sv\/wp-json\/wp\/v2\/types\/page\/"}],"author":[{"embeddable":true,"href":"https:\/\/www.obsido.fi\/sv\/wp-json\/wp\/v2\/users\/1\/"}],"replies":[{"embeddable":true,"href":"https:\/\/www.obsido.fi\/sv\/wp-json\/wp\/v2\/comments\/?post=521"}],"version-history":[{"count":1,"href":"https:\/\/www.obsido.fi\/sv\/wp-json\/wp\/v2\/pages\/521\/revisions\/"}],"predecessor-version":[{"id":525,"href":"https:\/\/www.obsido.fi\/sv\/wp-json\/wp\/v2\/pages\/521\/revisions\/525\/"}],"wp:attachment":[{"href":"https:\/\/www.obsido.fi\/sv\/wp-json\/wp\/v2\/media\/?parent=521"}],"curies":[{"name":"wp","href":"https:\/\/api.w.org\/{rel}","templated":true}]}}