{"id":523,"date":"2018-01-25T12:00:47","date_gmt":"2018-01-25T10:00:47","guid":{"rendered":"https:\/\/www.obsido.fi\/?page_id=523"},"modified":"2018-02-01T06:50:54","modified_gmt":"2018-02-01T04:50:54","slug":"etf-borsnoterade-fonder","status":"publish","type":"page","link":"https:\/\/www.obsido.fi\/sv\/etf-borsnoterade-fonder\/","title":{"rendered":"ETF \u2013 B\u00f6rsnoterade fonder"},"content":{"rendered":"<p>ETF:er \u00e4r b\u00f6rsnoterade fonder, som handlas p\u00e5 samma s\u00e4tt som aktier p\u00e5 b\u00f6rsen. F\u00f6rkortningen ETF betyder Exchange Trade Fund.<\/p>\n<p>F\u00f6rutom b\u00f6rshandeln, \u00e4r ETF:er  mycket lika som vanliga fonder. ETF:er kombinerar investeringsfondernas och aktiernas f\u00f6rdelar. ETF:er ger  en decentraliserad, effektiv, transparent och kostnadseffektiv tillg\u00e5ng till den globala investeringsmarknaden.<\/p>\n<p>M\u00e5let med  de passiva EFT- instrumenten vi anv\u00e4nder, \u00e4r att efterlikna int\u00e4kter fr\u00e5n valda index (t.ex S&#038;P 500) och erbjuda dig samma int\u00e4kt som respektive index f\u00f6re  kostnaderna. Med  tillg\u00e5ng via UCITS ETF:er har man m\u00f6jligheten att v\u00e4lja f\u00f6retag (aktier), obligationer eller andra typer av tillg\u00e5ngar (ex.  r\u00e5varor och fastigheter). UCITS inneb\u00e4r att kapitalet i fonderna placeras enligt de<\/p>\n<p>begr\u00e4nsningar som f\u00f6ljer av EU-direktiv och lagen om investeringsfonder.<\/p>\n<p>Institutionella investerare  som pensionsfonder, statliga \u00e4mbetsverk och privata banker har anv\u00e4nt UCITS ETF:er i flera \u00e5r. I dagens l\u00e4ge har \u00e4ven privata investerare m\u00f6jligheten att dra nytta av ETF:er i sina investeringar<\/p>\n<p>Eftersom det erbjuds flera tusentals olika ETF-instrument, kan det f\u00f6r en privat investerare vara sv\u00e5rt att v\u00e4lja en ETF som passar en b\u00e4st. D\u00e4rf\u00f6r kan det vara nyttigt att anlita en ETF-specialiserad kapitalf\u00f6rvaltare.<\/p>\n<p>F\u00f6r att v\u00e4lja r\u00e4tt ETF b\u00f6r man beakta f\u00f6ljande:<\/p>\n<p>    ETF-instrumentens uppbyggnad<br \/>\n    Juridiska faktorer<br \/>\n    Beskattning och valuta<br \/>\n    ETF:ers f\u00f6rm\u00e5ga att f\u00f6lja j\u00e4mf\u00f6relseindex<br \/>\n    Int\u00e4kternas volatilitet<br \/>\n    Handelns effektivitet och v\u00e4rderingar.<br \/>\n    Eventuella  v\u00e4rdepappersl\u00e5n samt de totala kostnaderna g\u00e4llande \u00e4gandet.<\/p>\n<p>Nyttan av UCITS ETF:er?<\/p>\n<p>    Effektivitet och enkelhet<\/p>\n<p>ETF:er handlas p\u00e5 b\u00f6rserna, d\u00e4r f\u00f6rverkligande av mandat \u00e4r enkelt.<\/p>\n<p>    Kostnadseffektivitet<\/p>\n<p>ETF:ers kostnader \u00e4r betydligt l\u00e4gre \u00e4n traditionella aktiva investeringsfonder.<\/p>\n<p>    Transparens<\/p>\n<p>Med hj\u00e4lp av ETF:er vet man konstant vart man investerat och hur mycket man betalar f\u00f6r sina investeringar.<\/p>\n<p>    Decentralisering<\/p>\n<p>Med hj\u00e4lp av ETF:er har man m\u00f6jlighet till omfattande  investeringsm\u00f6jligheter i olika tillg\u00e5ngsklasser, sektorer och regioner.<\/p>\n","protected":false},"excerpt":{"rendered":"<p>ETF:er \u00e4r b\u00f6rsnoterade fonder, som handlas p\u00e5 samma s\u00e4tt som aktier p\u00e5 b\u00f6rsen. F\u00f6rkortningen ETF betyder Exchange Trade Fund. F\u00f6rutom b\u00f6rshandeln, \u00e4r ETF:er mycket lika som vanliga fonder. ETF:er kombinerar investeringsfondernas och aktiernas f\u00f6rdelar. ETF:er ger en decentraliserad, effektiv, transparent och kostnadseffektiv tillg\u00e5ng till den globala investeringsmarknaden. M\u00e5let med de passiva EFT- instrumenten vi anv\u00e4nder,&#8230;<\/p>\n","protected":false},"author":1,"featured_media":0,"parent":0,"menu_order":0,"comment_status":"closed","ping_status":"closed","template":"","meta":{"footnotes":""},"class_list":["post-523","page","type-page","status-publish","hentry"],"_links":{"self":[{"href":"https:\/\/www.obsido.fi\/sv\/wp-json\/wp\/v2\/pages\/523\/"}],"collection":[{"href":"https:\/\/www.obsido.fi\/sv\/wp-json\/wp\/v2\/pages\/"}],"about":[{"href":"https:\/\/www.obsido.fi\/sv\/wp-json\/wp\/v2\/types\/page\/"}],"author":[{"embeddable":true,"href":"https:\/\/www.obsido.fi\/sv\/wp-json\/wp\/v2\/users\/1\/"}],"replies":[{"embeddable":true,"href":"https:\/\/www.obsido.fi\/sv\/wp-json\/wp\/v2\/comments\/?post=523"}],"version-history":[{"count":1,"href":"https:\/\/www.obsido.fi\/sv\/wp-json\/wp\/v2\/pages\/523\/revisions\/"}],"predecessor-version":[{"id":524,"href":"https:\/\/www.obsido.fi\/sv\/wp-json\/wp\/v2\/pages\/523\/revisions\/524\/"}],"wp:attachment":[{"href":"https:\/\/www.obsido.fi\/sv\/wp-json\/wp\/v2\/media\/?parent=523"}],"curies":[{"name":"wp","href":"https:\/\/api.w.org\/{rel}","templated":true}]}}