{"id":536,"date":"2018-01-26T12:00:13","date_gmt":"2018-01-26T10:00:13","guid":{"rendered":"https:\/\/www.obsido.fi\/?page_id=536"},"modified":"2023-07-05T13:42:48","modified_gmt":"2023-07-05T10:42:48","slug":"strategi","status":"publish","type":"page","link":"https:\/\/www.obsido.fi\/sv\/fonder\/strategi\/","title":{"rendered":"Strategi"},"content":{"rendered":"<p><strong>Investeringsstrategier f\u00f6r Obsido Oy:s fonder <\/strong><\/p>\n<p>Strategin f\u00f6r investeringar i Obsido Oy:s fonder baseras p\u00e5 transparens och kostnadseffektivitet. Detta g\u00f6rs genom en s\u00e5 kallad core-\/satellite-strategi, vilket inneb\u00e4r att majoriteten av portf\u00f6ljen best\u00e5r av indexbaserade investeringar och kompletteras med aktiva investeringar. Investeringarna g\u00f6rs i b\u00f6rshandlade fonder, s\u00e5 kallade ETF:er (Exchange Traded Funds).<\/p>\n<p><strong>Fonden Obsido Rebalanced 50<\/strong> investerar i b\u00f6rsnoterade indexfonder (ETF) mot b\u00e5de aktie- och r\u00e4ntemarknaden. Vid en normal marknad \u00e4r allokeringen mellan aktie- och r\u00e4ntemarknad 50\/50. Avvikelser kan ske fr\u00e5n n\u00e4mnda f\u00f6rdelning med plus\/minus 20 procentenheter. Diversifiering sker s\u00e5v\u00e4l geografiskt som mellan olika tillg\u00e5ngsslag.<\/p>\n<p><strong>Fonden Obsido Rebalanced 85<\/strong> investerar i b\u00f6rsnoterade indexfonder (ETF) mot b\u00e5de aktie- och r\u00e4ntemarknaden. Vid en normal marknad \u00e4r allokeringen mellan aktie- och r\u00e4ntemarknad 85\/15. Aktiedelen kan variera mellan 65 och 100 procent. Diversifiering sker s\u00e5v\u00e4l geografiskt som mellan olika tillg\u00e5ngsslag.<\/p>\n<p><strong>Obsido Global Aggressive Specialplaceringsfond<\/strong>\u00a0investerar i b\u00f6rsnoterade indexfonder (ETF) mot b\u00e5de aktie- och r\u00e4ntemarknaden. Allokering mot aktiemarknaden distribueras mellan 50 och 100 procent, r\u00e4nteb\u00e4rande investeringar mellan 0 och 20 procent and \u00f6vriga investeringar kan variera mellan 0 till 100 procent. Fondens investeringar kommer bli effektivt diversifierade b\u00e5de geografiskt och mellan olika tillg\u00e5ngsslag.<\/p>\n<p><strong>Obsido Global Balanced Specialplaceringsfond<\/strong>\u00a0investerar i b\u00f6rsnoterade indexfonder (ETF) mot b\u00e5de aktie- och r\u00e4ntemarknaden. Allokering mot aktiemarknaden kan variera mellan 0 till 100 procent, r\u00e4ntemarknaden 0 till 100 procent och \u00f6vriga investeringar mellan 0 till 100 procent. Vid en normal marknad \u00e4r allokeringen f\u00f6r aktiemarknaden 50 procent. Fondens investeringar kommer bli effektivt diversifierade b\u00e5de geografiskt och mellan olika tillg\u00e5ngsslag.<\/p>\n<p>Fonderna f\u00f6rvaltas av <strong>Obsido Fondbolaget Ab<\/strong>. Bolaget bedriver fondverksamhet och verksamhet som v\u00e4sentligen \u00e4r relaterad till fondverksamheten, samt f\u00f6rvaltar alternativfonder. Bolaget fick tillst\u00e5nd att i Finland verka som fondbolag och f\u00f6rvaltare av alternativfonder den 30 oktober 2017. Finansinspektionen ut\u00f6var \u00f6versyn av bolagets verksamhet.<\/p>\n<p>Obsido Fondbolag AB<br \/>\nRautatienkatu 14 A 7<br \/>\n33100 TAMMERFORS<\/p>\n<p>Organisationsnummer: 2823365-8<\/p>\n<hr \/>\n<p><strong>Bolagets styrelse<\/strong><br \/>\nJani Nikko (ordf\u00f6rande), Elina Vuosmaa (ordinarie medlem) &amp; Katariina Nivala (ordinarie medlem)<\/p>\n","protected":false},"excerpt":{"rendered":"<p>Investeringsstrategier f\u00f6r Obsido Oy:s fonder Strategin f\u00f6r investeringar i Obsido Oy:s fonder baseras p\u00e5 transparens och kostnadseffektivitet. Detta g\u00f6rs genom en s\u00e5 kallad core-\/satellite-strategi, vilket inneb\u00e4r att majoriteten av portf\u00f6ljen best\u00e5r av indexbaserade investeringar och kompletteras med aktiva investeringar. Investeringarna g\u00f6rs i b\u00f6rshandlade fonder, s\u00e5 kallade ETF:er (Exchange Traded Funds). Fonden Obsido Rebalanced 50 investerar&#8230;<\/p>\n","protected":false},"author":1,"featured_media":8725,"parent":1140,"menu_order":1,"comment_status":"closed","ping_status":"closed","template":"page-sivupalkilla.php","meta":{"footnotes":""},"class_list":["post-536","page","type-page","status-publish","has-post-thumbnail","hentry"],"_links":{"self":[{"href":"https:\/\/www.obsido.fi\/sv\/wp-json\/wp\/v2\/pages\/536\/"}],"collection":[{"href":"https:\/\/www.obsido.fi\/sv\/wp-json\/wp\/v2\/pages\/"}],"about":[{"href":"https:\/\/www.obsido.fi\/sv\/wp-json\/wp\/v2\/types\/page\/"}],"author":[{"embeddable":true,"href":"https:\/\/www.obsido.fi\/sv\/wp-json\/wp\/v2\/users\/1\/"}],"replies":[{"embeddable":true,"href":"https:\/\/www.obsido.fi\/sv\/wp-json\/wp\/v2\/comments\/?post=536"}],"version-history":[{"count":14,"href":"https:\/\/www.obsido.fi\/sv\/wp-json\/wp\/v2\/pages\/536\/revisions\/"}],"predecessor-version":[{"id":9433,"href":"https:\/\/www.obsido.fi\/sv\/wp-json\/wp\/v2\/pages\/536\/revisions\/9433\/"}],"up":[{"embeddable":true,"href":"https:\/\/www.obsido.fi\/sv\/wp-json\/wp\/v2\/pages\/1140\/"}],"wp:featuredmedia":[{"embeddable":true,"href":"https:\/\/www.obsido.fi\/sv\/wp-json\/wp\/v2\/media\/8725\/"}],"wp:attachment":[{"href":"https:\/\/www.obsido.fi\/sv\/wp-json\/wp\/v2\/media\/?parent=536"}],"curies":[{"name":"wp","href":"https:\/\/api.w.org\/{rel}","templated":true}]}}