{"id":707,"date":"2018-02-01T08:28:06","date_gmt":"2018-02-01T06:28:06","guid":{"rendered":"https:\/\/www.obsido.fi\/?page_id=707"},"modified":"2018-10-27T00:07:06","modified_gmt":"2018-10-26T21:07:06","slug":"fondinformation","status":"publish","type":"page","link":"https:\/\/www.obsido.fi\/sv\/fonder\/fondinformation\/","title":{"rendered":"Fondinformation"},"content":{"rendered":"<p>Historiska data kan inte anv\u00e4ndas f\u00f6r att f\u00f6ruts\u00e4ga fondens framtida avkastning.<\/p>\n","protected":false},"excerpt":{"rendered":"<p>Historiska data kan inte anv\u00e4ndas f\u00f6r att f\u00f6ruts\u00e4ga fondens framtida avkastning.<\/p>\n","protected":false},"author":1,"featured_media":0,"parent":1140,"menu_order":2,"comment_status":"closed","ping_status":"closed","template":"page-sivupalkilla-rahastot.php","meta":{"footnotes":""},"class_list":["post-707","page","type-page","status-publish","hentry"],"_links":{"self":[{"href":"https:\/\/www.obsido.fi\/sv\/wp-json\/wp\/v2\/pages\/707\/"}],"collection":[{"href":"https:\/\/www.obsido.fi\/sv\/wp-json\/wp\/v2\/pages\/"}],"about":[{"href":"https:\/\/www.obsido.fi\/sv\/wp-json\/wp\/v2\/types\/page\/"}],"author":[{"embeddable":true,"href":"https:\/\/www.obsido.fi\/sv\/wp-json\/wp\/v2\/users\/1\/"}],"replies":[{"embeddable":true,"href":"https:\/\/www.obsido.fi\/sv\/wp-json\/wp\/v2\/comments\/?post=707"}],"version-history":[{"count":41,"href":"https:\/\/www.obsido.fi\/sv\/wp-json\/wp\/v2\/pages\/707\/revisions\/"}],"predecessor-version":[{"id":3667,"href":"https:\/\/www.obsido.fi\/sv\/wp-json\/wp\/v2\/pages\/707\/revisions\/3667\/"}],"up":[{"embeddable":true,"href":"https:\/\/www.obsido.fi\/sv\/wp-json\/wp\/v2\/pages\/1140\/"}],"wp:attachment":[{"href":"https:\/\/www.obsido.fi\/sv\/wp-json\/wp\/v2\/media\/?parent=707"}],"curies":[{"name":"wp","href":"https:\/\/api.w.org\/{rel}","templated":true}]}}