{"id":88,"date":"2017-12-27T15:58:32","date_gmt":"2017-12-27T13:58:32","guid":{"rendered":"http:\/\/localhost\/wordpress\/etusivu\/"},"modified":"2017-12-28T02:25:30","modified_gmt":"2017-12-28T00:25:30","slug":"etusivu","status":"publish","type":"page","link":"https:\/\/www.obsido.fi\/sv\/","title":{"rendered":"Startsida"},"content":{"rendered":"<p>Obsido AB \u00e4r ett oberoende kapitalf\u00f6rvaltningsbolag. Obsidos  tj\u00e4nster \u00e4r riktade till privatpersoner, f\u00f6retag och institutioner som uppskattar fullst\u00e4ndig diskretion\u00e4r kapitalf\u00f6rvaltning.<\/p>\n<p>Vi \u00e4r s\u00e4rskilt specialiserade p\u00e5 professionella idrottares enskilda kapitalf\u00f6rvaltning. D\u00e4r tar vi i omfattande utstr\u00e4ckning i beaktande professionella idrottares planering av deras ekonomiska situation, b\u00e5de under och efter karri\u00e4ren, samt s\u00e4rdragen i proffsidrott.<\/p>\n<p>Med hj\u00e4lp av noggrant utvalda samarbetspartners kan Obsido AB tillhandah\u00e5lla sina kunder m\u00e5ngsidighet b\u00e5de i hemlandet och utomlands.<\/p>\n<p>Obsido AB:s verksamhet \u00f6vervakas av Finansinspektionen.<\/p>\n","protected":false},"excerpt":{"rendered":"<p>Obsido AB \u00e4r ett oberoende kapitalf\u00f6rvaltningsbolag. Obsidos tj\u00e4nster \u00e4r riktade till privatpersoner, f\u00f6retag och institutioner som uppskattar fullst\u00e4ndig diskretion\u00e4r kapitalf\u00f6rvaltning. Vi \u00e4r s\u00e4rskilt specialiserade p\u00e5 professionella idrottares enskilda kapitalf\u00f6rvaltning. D\u00e4r tar vi i omfattande utstr\u00e4ckning i beaktande professionella idrottares planering av deras ekonomiska situation, b\u00e5de under och efter karri\u00e4ren, samt s\u00e4rdragen i proffsidrott. Med hj\u00e4lp&#8230;<\/p>\n","protected":false},"author":1,"featured_media":8719,"parent":0,"menu_order":0,"comment_status":"closed","ping_status":"closed","template":"page-etusivu.php","meta":{"footnotes":""},"class_list":["post-88","page","type-page","status-publish","has-post-thumbnail","hentry"],"_links":{"self":[{"href":"https:\/\/www.obsido.fi\/sv\/wp-json\/wp\/v2\/pages\/88\/"}],"collection":[{"href":"https:\/\/www.obsido.fi\/sv\/wp-json\/wp\/v2\/pages\/"}],"about":[{"href":"https:\/\/www.obsido.fi\/sv\/wp-json\/wp\/v2\/types\/page\/"}],"author":[{"embeddable":true,"href":"https:\/\/www.obsido.fi\/sv\/wp-json\/wp\/v2\/users\/1\/"}],"replies":[{"embeddable":true,"href":"https:\/\/www.obsido.fi\/sv\/wp-json\/wp\/v2\/comments\/?post=88"}],"version-history":[{"count":1,"href":"https:\/\/www.obsido.fi\/sv\/wp-json\/wp\/v2\/pages\/88\/revisions\/"}],"predecessor-version":[{"id":89,"href":"https:\/\/www.obsido.fi\/sv\/wp-json\/wp\/v2\/pages\/88\/revisions\/89\/"}],"wp:featuredmedia":[{"embeddable":true,"href":"https:\/\/www.obsido.fi\/sv\/wp-json\/wp\/v2\/media\/8719\/"}],"wp:attachment":[{"href":"https:\/\/www.obsido.fi\/sv\/wp-json\/wp\/v2\/media\/?parent=88"}],"curies":[{"name":"wp","href":"https:\/\/api.w.org\/{rel}","templated":true}]}}